{"id":1144,"date":"2024-04-04T11:00:24","date_gmt":"2024-04-04T14:00:24","guid":{"rendered":"https:\/\/magenta-ibex-215464.hostingersite.com\/?page_id=1144"},"modified":"2024-04-04T11:51:04","modified_gmt":"2024-04-04T14:51:04","slug":"terminos-y-condiciones","status":"publish","type":"page","link":"https:\/\/bluewaymza.com.ar\/en\/terminos-y-condiciones\/","title":{"rendered":"Terms and Conditions"},"content":{"rendered":"<div data-elementor-type=\"wp-page\" data-elementor-id=\"1144\" class=\"elementor elementor-1144\" data-elementor-post-type=\"page\">\n\t\t\t\t<div class=\"elementor-element elementor-element-08af0a1 e-flex e-con-boxed e-con e-parent\" data-id=\"08af0a1\" data-element_type=\"container\" data-e-type=\"container\">\n\t\t\t\t\t<div class=\"e-con-inner\">\n\t\t\t\t<div class=\"elementor-element elementor-element-115cd53 elementor-widget elementor-widget-heading\" data-id=\"115cd53\" data-element_type=\"widget\" data-e-type=\"widget\" data-widget_type=\"heading.default\">\n\t\t\t\t<div class=\"elementor-widget-container\">\n\t\t\t\t\t<h2 class=\"elementor-heading-title elementor-size-default\">Terms and Conditions<\/h2>\t\t\t\t<\/div>\n\t\t\t\t<\/div>\n\t\t\t\t<div class=\"elementor-element elementor-element-c3af31d elementor-view-default elementor-widget elementor-widget-icon\" data-id=\"c3af31d\" data-element_type=\"widget\" data-e-type=\"widget\" data-no-translation=\"\" data-widget_type=\"icon.default\">\n\t\t\t\t<div class=\"elementor-widget-container\">\n\t\t\t\t\t<style>.elementor-element-c3af31d{display:none !important}<\/style>\t\t\t\t<\/div>\n\t\t\t\t<\/div>\n\t\t\t\t<div class=\"elementor-element elementor-element-dd36474 elementor-view-default elementor-widget elementor-widget-icon\" data-id=\"dd36474\" data-element_type=\"widget\" data-e-type=\"widget\" data-no-translation=\"\" data-widget_type=\"icon.default\">\n\t\t\t\t<div class=\"elementor-widget-container\">\n\t\t\t\t\t\t\t<div class=\"elementor-icon-wrapper\">\n\t\t\t<a class=\"elementor-icon\" href=\"http:\/\/bluewaymza.com.ar\/wp-content\/uploads\/TERMS-CONDITIONS-ZONA-UNO-SA-INGLES.pdf\" target=\"_blank\">\n\t\t\t<svg aria-hidden=\"true\" class=\"e-font-icon-svg e-far-file-pdf\" viewbox=\"0 0 384 512\" xmlns=\"http:\/\/www.w3.org\/2000\/svg\"><path d=\"M369.9 97.9L286 14C277 5 264.8-.1 252.1-.1H48C21.5 0 0 21.5 0 48v416c0 26.5 21.5 48 48 48h288c26.5 0 48-21.5 48-48V131.9c0-12.7-5.1-25-14.1-34zM332.1 128H256V51.9l76.1 76.1zM48 464V48h160v104c0 13.3 10.7 24 24 24h104v288H48zm250.2-143.7c-12.2-12-47-8.7-64.4-6.5-17.2-10.5-28.7-25-36.8-46.3 3.9-16.1 10.1-40.6 5.4-56-4.2-26.2-37.8-23.6-42.6-5.9-4.4 16.1-.4 38.5 7 67.1-10 23.9-24.9 56-35.4 74.4-20 10.3-47 26.2-51 46.2-3.3 15.8 26 55.2 76.1-31.2 22.4-7.4 46.8-16.5 68.4-20.1 18.9 10.2 41 17 55.8 17 25.5 0 28-28.2 17.5-38.7zm-198.1 77.8c5.1-13.7 24.5-29.5 30.4-35-19 30.3-30.4 35.7-30.4 35zm81.6-190.6c7.4 0 6.7 32.1 1.8 40.8-4.4-13.9-4.3-40.8-1.8-40.8zm-24.4 136.6c9.7-16.9 18-37 24.7-54.7 8.3 15.1 18.9 27.2 30.1 35.5-20.8 4.3-38.9 13.1-54.8 19.2zm131.6-5s-5 6-37.3-7.8c35.1-2.6 40.9 5.4 37.3 7.8z\"><\/path><\/svg>\t\t\t<\/a>\n\t\t<\/div>\n\t\t\t\t\t\t<\/div>\n\t\t\t\t<\/div>\n\t\t\t\t<div class=\"elementor-element elementor-element-70387d9 elementor-view-default elementor-widget elementor-widget-icon\" data-id=\"70387d9\" data-element_type=\"widget\" data-e-type=\"widget\" data-no-translation=\"\" data-widget_type=\"icon.default\">\n\t\t\t\t<div class=\"elementor-widget-container\">\n\t\t\t\t\t<style>.elementor-element-70387d9{display:none !important}<\/style>\t\t\t\t<\/div>\n\t\t\t\t<\/div>\n\t\t\t\t\t<\/div>\n\t\t\t\t<\/div>\n\t\t<div class=\"elementor-element elementor-element-e49753f e-flex e-con-boxed e-con e-parent\" data-id=\"e49753f\" data-element_type=\"container\" data-e-type=\"container\">\n\t\t\t\t\t<div class=\"e-con-inner\">\n\t\t\t\t<div class=\"elementor-element elementor-element-1e760d0 elementor-widget elementor-widget-text-editor\" data-id=\"1e760d0\" data-element_type=\"widget\" data-e-type=\"widget\" data-widget_type=\"text-editor.default\">\n\t\t\t\t<div class=\"elementor-widget-container\">\n\t\t\t\t\t\t\t\t\t<p><strong>DELIVERY AND RETURN OF THE VEHICLE.<\/strong><br \/>On both occasions the parties will verify: mileage and fuel load, according to factory indicators, for the purposes of charging additional charges, if applicable. If the Technical and Mechanical Department of the \"lease company\" confirms damages, shortages and\/or defects that cannot be seen with the naked eye at the time of delivery, the \"client\" may be required to pay the corresponding payment. The same procedure, even with damages that are visible to the naked eye, will be applied in the event that the vehicle is returned outside of public service hours.<\/p><p><strong>THE ''CUSTOMER\" WILL BE CONSIDERED RESPONSIBLE FOR:<\/strong><br \/>\u2022 Any fine and\/or sanction - whatever its origin - that is claimed from the lessor for violation of Argentine or foreign legislation. Any damage caused to property and\/or injuries caused to third parties.<br \/>\u2022 The companions will not be considered third parties for the \"locator\" and, in the event that the latter receives a claim from them and\/or their insurers and\/or medical providers, they may summon the \"client\" to respond for the claim.<br \/>\u2022 Any damage, loss, theft, theft, robbery, shortage, breakage, etc., suffered by the vehicle, regardless of the cause.<br \/>\u2022 Any loss or theft of objects found inside the vehicle.<br \/>\u2022 All costs derived from the disablement of the vehicle, towing, transfer and mechanical assistance.<br \/>\u2022 Any loss due to loss of profits caused by non-compliance with its obligations.<\/p><p class=\" translation-block\"><br><strong>DEBITS GENERATED AFTER THE RETURN OF THE ROD<\/strong><br>\nThe \"client\" expressly authorizes the \"leasing company\" to debit his credit card and\/or bill his checking account: (I) The amount claimed for fines and\/or sanctions issued by the competent authority. (II) The damages and missing items (whatever their origin, hidden or not) that were verified after the return of the vehicle or if it was delivered outside of public service hours (by mailbox), (111) Charges generated by delivery outside of hours (IV) All costs derived from the disablement of the vehicle, towing, transfer, mechanical assistance, etc.\nThe \"client\" also agrees to debit the administrative and\/or professional costs that such non-compliance causes to the \"leasing company.\"\n\" OBLIGATIONS OF THE \"CUSTOMER\"<\/p><p><strong>YOU WILL NOT BE ABLE TO USE THE VEHICLE IN THE FOLLOWING SITUATIONS:<\/strong><br \/>\u2022 As transport - for consideration or free of charge - of people and\/or things, nor for the transport of things prohibited by current regulations, nor flammable or dangerous equipment, etc.<br \/>\u2022 To tow or push own or third party vehicles or equipment. To participate in events of any type and nature, such as races, tests, sports competitions, learning to drive, rally roadmaps, etc.<br \/>\u2022 Will abstain:<br \/>\u2022 Driving under the influence of any type of medication - prescribed or not - alcohol or substance that could affect your driving ability or with more passengers than those established by the manufacturer; to move the vehicle outside the Argentine Republic without prior express authorization from the \"Locator\"<br \/>\u2022 They must return the vehicle - and all the documentation delivered in this act at the agreed time and place, unless otherwise authorized in writing by the \"leasing company\", respect the speed limits and driving rules in accordance with the regulations. by the national laws and\/or the jurisdiction(s) where it transits. communicate, immediately, any accident and\/or precautionary measure (kidnapping, retention, etc.) that affects the vehicle, and must comply with the instructions that, from time to time, personnel from the \"locator\" indicate, in case of accident, you must file the police report and\/or civil exposure if applicable, complete and sign the complaint form to be presented to the insurer - providing all the information required - and provide the necessary collaboration for the best defense of the rights of the \"locator\". \".<br \/>\u2022 Communicate at the time of signing this document the existence of an additional driver. If you wish to incorporate it later, you must require prior authorization from the \"leasing company\".<br \/>\u2022 You must inform said driver about each and every one of the commitments assumed with the \"locator\" and let him know that both will be jointly responsible for all the agreed obligations and charges.<br \/>\u2022 In the event that the \"client\" is a legal entity and\/or civil association, it must indicate the person(s) authorized and qualified to drive the located vehicle.<br \/>\u2022 Present a credit card with sufficient funds available to cover the amount of damages at your expense.<\/p><p><strong>PAYMENT OUT OF TERM AND\/0 IGNANCY OF CHARGES<\/strong> <br \/>The lack of payment in term of its obligations by the \"client\" and\/or the lack of knowledge of the charges made on its credit card or the invoices that were sent to it and that had their origin in the obligations assumed in this document , will give the \"leasing company\" the right to claim the amount owed plus an additional monthly punitive interest for late payment, equivalent to twice the active rate of the Banco de la Naci\u00f3n Argentina for discount operations, as well as all expenses and judicial or extrajudicial costs that may have accrued as a result of non-compliance.<\/p><p><strong>OBLIGATIONS AND RESPONSIBILITIES OF THE \"LESSOR\"<\/strong><br \/>You must:<br \/>\u2022 Carry out the maintenance and mechanical repairs required by the vehicle on its own or by someone designated, deliver the documentation required to circulate, contract insurance that covers civil liability and in accordance with current regulations on the matter.<\/p><p><strong>TERMINATION WITHOUT CAUSE<\/strong><br \/>\u2022 If the \"client\" terminates the rental early, he must pay the \"landlord\" the entire rent originally agreed upon.<\/p><p><br \/><strong>LOSS OF AGREED LIMITATION OF DAMAGES<\/strong><br \/>\u2022 The limitation of damages agreed in the rental document and in this instrument will be void when the damage to the vehicle has its origin in incompetence, fault, negligence, fraud, serious breach of the obligations assumed by contract, etc. of the \"client\" and\/or the authorized driver.<br \/>\u2022 Occur when driven by drivers not previously authorized and even if they have a qualifying registration.<br \/>\u2022 These will be accidents that occur while traveling on gravel roads, unpaved, unpaved or closed to traffic by the competent authority.<br \/>\u2022 The \"client\" and\/or the authorized driver refuses to sign the accident report with the insurer or has engaged in conduct that exempts the insurer from providing coverage according to the insurance law.<br \/>\u2022 Will refuse to subscribe to the condition of the vehicle when returning it.<br \/>\u2022 The damage would have occurred when the vehicle was detained by the competent authority due to unlawful conduct by the \"Client\" and\/or the authorized driver.<br \/>\u2022 In all cases in which the limitation of damages is void, the \"client\" must also pay the lost profits.<\/p><p><br \/><strong>TERMINATION WITH CAUSE<\/strong><br \/>\u2022 The rental company may terminate the rental with cause when it finds serious non-compliance by the \"client\" and\/or authorized driver. In this case, you must send a reliable notification to the address reported by the \"client\", which will be valid after 24 hours of its issuance and regardless of whether or not it is received. Failure to return the vehicle will be considered misappropriation.<\/p><p><br \/><strong>UNDUE RETENTION<\/strong><br \/>\u2022 Failure to return the vehicle by the \"client\" after the agreed deadline will be considered, without the need for any prior requirement, improper retention under the terms of criminal legislation, and the \"leasing company\" may initiate the corresponding criminal and\/or civil actions. and claim damages and\/or profits, etc., until the effective restitution of the vehicle.<br \/>\u2022 The rental company will not be responsible for any damages that said complaint may cause to the \"client\" and\/or authorized driver.<br \/>\u2022 Once the term of the lease has expired and\/or it is terminated for cause, the \"lease company\" may take possession of the vehicle in the place where it is located, a circumstance that is expressly accepted by the \"client\".<\/p><p><br \/><strong>LEGISLATION \u2014 JURISDICTION<\/strong><br \/>The parties constitute a special domicile in those mentioned in this contract, where all notifications derived from the execution of the same will be considered valid and they submit for all legal effects that may arise from the location carried out to the jurisdiction of the courts of the First Judicial District of the Province of Mendoza, expressly waiving the Federal Jurisdiction and\/or any other jurisdiction or jurisdiction that may correspond to them, the law in force in the Argentine Republic being applicable in all cases.<\/p><p><strong>SIGNATURE\/CLARIFICATION<\/strong>\u2026\u2026\u2026\u2026\u2026\u2026\u2026\u2026\u2026\u2026\u2026\u2026\u2026\u2026\u2026\u2026\u2026\u2026\u2026\u2026..<\/p>\t\t\t\t\t\t\t\t<\/div>\n\t\t\t\t<\/div>\n\t\t\t\t\t<\/div>\n\t\t\t\t<\/div>\n\t\t\t\t<\/div>","protected":false},"excerpt":{"rendered":"<p>T\u00e9rminos y Condiciones ENTREGA Y DEVOLUCION DEL VEHICULO.En ambas oportunidades las partes constatar\u00e1n: kilometraje y carga de combustible, seg\u00fan los indicadores de f\u00e1brica, a los efectos del cobro de cargos adiciona\u00adles, si correspondiere. Si el Departamento T\u00e9cnico y Mec\u00e1nico de la &#8220;locadora&#8221; constatare da\u00f1os, faltantes y\/o desperfectos que no se pudieren visualizar a simple vista [&hellip;]<\/p>\n","protected":false},"author":1,"featured_media":0,"parent":0,"menu_order":0,"comment_status":"closed","ping_status":"closed","template":"","meta":{"_joinchat":[],"footnotes":""},"class_list":["post-1144","page","type-page","status-publish","hentry"],"yoast_head":"<!-- This site is optimized with the Yoast SEO plugin v27.5 - https:\/\/yoast.com\/product\/yoast-seo-wordpress\/ -->\n<title>T\u00e9rminos y Condiciones - BlueWay Rent a Car<\/title>\n<meta name=\"robots\" content=\"index, follow, max-snippet:-1, max-image-preview:large, max-video-preview:-1\" \/>\n<link rel=\"canonical\" href=\"https:\/\/bluewaymza.com.ar\/en\/terminos-y-condiciones\/\" \/>\n<meta property=\"og:locale\" content=\"en_US\" \/>\n<meta property=\"og:type\" content=\"article\" \/>\n<meta property=\"og:title\" content=\"T\u00e9rminos y Condiciones - BlueWay Rent a Car\" \/>\n<meta property=\"og:description\" content=\"T\u00e9rminos y Condiciones ENTREGA Y DEVOLUCION DEL VEHICULO.En ambas oportunidades las partes constatar\u00e1n: kilometraje y carga de combustible, seg\u00fan los indicadores de f\u00e1brica, a los efectos del cobro de cargos adiciona\u00adles, si correspondiere. Si el Departamento T\u00e9cnico y Mec\u00e1nico de la &#8220;locadora&#8221; constatare da\u00f1os, faltantes y\/o desperfectos que no se pudieren visualizar a simple vista [&hellip;]\" \/>\n<meta property=\"og:url\" content=\"https:\/\/bluewaymza.com.ar\/en\/terminos-y-condiciones\/\" \/>\n<meta property=\"og:site_name\" content=\"BlueWay Rent a Car\" \/>\n<meta property=\"article:modified_time\" content=\"2024-04-04T14:51:04+00:00\" \/>\n<meta name=\"twitter:card\" content=\"summary_large_image\" \/>\n<meta name=\"twitter:label1\" content=\"Est. reading time\" \/>\n\t<meta name=\"twitter:data1\" content=\"8 minutes\" \/>\n<script type=\"application\/ld+json\" class=\"yoast-schema-graph\">{\"@context\":\"https:\\\/\\\/schema.org\",\"@graph\":[{\"@type\":\"WebPage\",\"@id\":\"https:\\\/\\\/bluewaymza.com.ar\\\/en\\\/terminos-y-condiciones\\\/\",\"url\":\"https:\\\/\\\/bluewaymza.com.ar\\\/en\\\/terminos-y-condiciones\\\/\",\"name\":\"T\u00e9rminos y Condiciones - BlueWay Rent a Car\",\"isPartOf\":{\"@id\":\"https:\\\/\\\/www.bluewaymza.com.ar\\\/#website\"},\"datePublished\":\"2024-04-04T14:00:24+00:00\",\"dateModified\":\"2024-04-04T14:51:04+00:00\",\"breadcrumb\":{\"@id\":\"https:\\\/\\\/bluewaymza.com.ar\\\/en\\\/terminos-y-condiciones\\\/#breadcrumb\"},\"inLanguage\":\"en-US\",\"potentialAction\":[{\"@type\":\"ReadAction\",\"target\":[\"https:\\\/\\\/bluewaymza.com.ar\\\/en\\\/terminos-y-condiciones\\\/\"]}]},{\"@type\":\"BreadcrumbList\",\"@id\":\"https:\\\/\\\/bluewaymza.com.ar\\\/en\\\/terminos-y-condiciones\\\/#breadcrumb\",\"itemListElement\":[{\"@type\":\"ListItem\",\"position\":1,\"name\":\"Portada\",\"item\":\"https:\\\/\\\/www.bluewaymza.com.ar\\\/\"},{\"@type\":\"ListItem\",\"position\":2,\"name\":\"T\u00e9rminos y Condiciones\"}]},{\"@type\":\"WebSite\",\"@id\":\"https:\\\/\\\/www.bluewaymza.com.ar\\\/#website\",\"url\":\"https:\\\/\\\/www.bluewaymza.com.ar\\\/\",\"name\":\"BlueWay Rent a Car\",\"description\":\"Alquiler de autos en Mendoza\",\"publisher\":{\"@id\":\"https:\\\/\\\/www.bluewaymza.com.ar\\\/#organization\"},\"alternateName\":\"BlueWay - Alquiler de autos en Mendoza\",\"potentialAction\":[{\"@type\":\"SearchAction\",\"target\":{\"@type\":\"EntryPoint\",\"urlTemplate\":\"https:\\\/\\\/www.bluewaymza.com.ar\\\/?s={search_term_string}\"},\"query-input\":{\"@type\":\"PropertyValueSpecification\",\"valueRequired\":true,\"valueName\":\"search_term_string\"}}],\"inLanguage\":\"en-US\"},{\"@type\":\"Organization\",\"@id\":\"https:\\\/\\\/www.bluewaymza.com.ar\\\/#organization\",\"name\":\"BlueWay Rent a Car\",\"alternateName\":\"BlueWay alquiler de autos en Mendoza\",\"url\":\"https:\\\/\\\/www.bluewaymza.com.ar\\\/\",\"logo\":{\"@type\":\"ImageObject\",\"inLanguage\":\"en-US\",\"@id\":\"https:\\\/\\\/www.bluewaymza.com.ar\\\/#\\\/schema\\\/logo\\\/image\\\/\",\"url\":\"http:\\\/\\\/bluewaymza.com.ar\\\/wp-content\\\/uploads\\\/blueway-favicon.svg\",\"contentUrl\":\"http:\\\/\\\/bluewaymza.com.ar\\\/wp-content\\\/uploads\\\/blueway-favicon.svg\",\"width\":384,\"height\":384,\"caption\":\"BlueWay Rent a Car\"},\"image\":{\"@id\":\"https:\\\/\\\/www.bluewaymza.com.ar\\\/#\\\/schema\\\/logo\\\/image\\\/\"}}]}<\/script>\n<!-- \/ Yoast SEO plugin. -->","yoast_head_json":{"title":"T\u00e9rminos y Condiciones - BlueWay Rent a Car","robots":{"index":"index","follow":"follow","max-snippet":"max-snippet:-1","max-image-preview":"max-image-preview:large","max-video-preview":"max-video-preview:-1"},"canonical":"https:\/\/bluewaymza.com.ar\/en\/terminos-y-condiciones\/","og_locale":"en_US","og_type":"article","og_title":"T\u00e9rminos y Condiciones - BlueWay Rent a Car","og_description":"T\u00e9rminos y Condiciones ENTREGA Y DEVOLUCION DEL VEHICULO.En ambas oportunidades las partes constatar\u00e1n: kilometraje y carga de combustible, seg\u00fan los indicadores de f\u00e1brica, a los efectos del cobro de cargos adiciona\u00adles, si correspondiere. Si el Departamento T\u00e9cnico y Mec\u00e1nico de la &#8220;locadora&#8221; constatare da\u00f1os, faltantes y\/o desperfectos que no se pudieren visualizar a simple vista [&hellip;]","og_url":"https:\/\/bluewaymza.com.ar\/en\/terminos-y-condiciones\/","og_site_name":"BlueWay Rent a Car","article_modified_time":"2024-04-04T14:51:04+00:00","twitter_card":"summary_large_image","twitter_misc":{"Est. reading time":"8 minutes"},"schema":{"@context":"https:\/\/schema.org","@graph":[{"@type":"WebPage","@id":"https:\/\/bluewaymza.com.ar\/en\/terminos-y-condiciones\/","url":"https:\/\/bluewaymza.com.ar\/en\/terminos-y-condiciones\/","name":"T\u00e9rminos y Condiciones - BlueWay Rent a Car","isPartOf":{"@id":"https:\/\/www.bluewaymza.com.ar\/#website"},"datePublished":"2024-04-04T14:00:24+00:00","dateModified":"2024-04-04T14:51:04+00:00","breadcrumb":{"@id":"https:\/\/bluewaymza.com.ar\/en\/terminos-y-condiciones\/#breadcrumb"},"inLanguage":"en-US","potentialAction":[{"@type":"ReadAction","target":["https:\/\/bluewaymza.com.ar\/en\/terminos-y-condiciones\/"]}]},{"@type":"BreadcrumbList","@id":"https:\/\/bluewaymza.com.ar\/en\/terminos-y-condiciones\/#breadcrumb","itemListElement":[{"@type":"ListItem","position":1,"name":"Portada","item":"https:\/\/www.bluewaymza.com.ar\/"},{"@type":"ListItem","position":2,"name":"T\u00e9rminos y Condiciones"}]},{"@type":"WebSite","@id":"https:\/\/www.bluewaymza.com.ar\/#website","url":"https:\/\/www.bluewaymza.com.ar\/","name":"BlueWay Rent a Car","description":"Alquiler de autos en Mendoza","publisher":{"@id":"https:\/\/www.bluewaymza.com.ar\/#organization"},"alternateName":"BlueWay - Alquiler de autos en Mendoza","potentialAction":[{"@type":"SearchAction","target":{"@type":"EntryPoint","urlTemplate":"https:\/\/www.bluewaymza.com.ar\/?s={search_term_string}"},"query-input":{"@type":"PropertyValueSpecification","valueRequired":true,"valueName":"search_term_string"}}],"inLanguage":"en-US"},{"@type":"Organization","@id":"https:\/\/www.bluewaymza.com.ar\/#organization","name":"BlueWay Rent a Car","alternateName":"BlueWay alquiler de autos en Mendoza","url":"https:\/\/www.bluewaymza.com.ar\/","logo":{"@type":"ImageObject","inLanguage":"en-US","@id":"https:\/\/www.bluewaymza.com.ar\/#\/schema\/logo\/image\/","url":"http:\/\/bluewaymza.com.ar\/wp-content\/uploads\/blueway-favicon.svg","contentUrl":"http:\/\/bluewaymza.com.ar\/wp-content\/uploads\/blueway-favicon.svg","width":384,"height":384,"caption":"BlueWay Rent a Car"},"image":{"@id":"https:\/\/www.bluewaymza.com.ar\/#\/schema\/logo\/image\/"}}]}},"_links":{"self":[{"href":"https:\/\/bluewaymza.com.ar\/en\/wp-json\/wp\/v2\/pages\/1144","targetHints":{"allow":["GET"]}}],"collection":[{"href":"https:\/\/bluewaymza.com.ar\/en\/wp-json\/wp\/v2\/pages"}],"about":[{"href":"https:\/\/bluewaymza.com.ar\/en\/wp-json\/wp\/v2\/types\/page"}],"author":[{"embeddable":true,"href":"https:\/\/bluewaymza.com.ar\/en\/wp-json\/wp\/v2\/users\/1"}],"replies":[{"embeddable":true,"href":"https:\/\/bluewaymza.com.ar\/en\/wp-json\/wp\/v2\/comments?post=1144"}],"version-history":[{"count":31,"href":"https:\/\/bluewaymza.com.ar\/en\/wp-json\/wp\/v2\/pages\/1144\/revisions"}],"predecessor-version":[{"id":1179,"href":"https:\/\/bluewaymza.com.ar\/en\/wp-json\/wp\/v2\/pages\/1144\/revisions\/1179"}],"wp:attachment":[{"href":"https:\/\/bluewaymza.com.ar\/en\/wp-json\/wp\/v2\/media?parent=1144"}],"curies":[{"name":"wp","href":"https:\/\/api.w.org\/{rel}","templated":true}]}}