{"id":1144,"date":"2024-04-04T11:00:24","date_gmt":"2024-04-04T14:00:24","guid":{"rendered":"https:\/\/magenta-ibex-215464.hostingersite.com\/?page_id=1144"},"modified":"2024-04-04T11:51:04","modified_gmt":"2024-04-04T14:51:04","slug":"terminos-y-condiciones","status":"publish","type":"page","link":"https:\/\/bluewaymza.com.ar\/pt\/terminos-y-condiciones\/","title":{"rendered":"Termos e Condi\u00e7\u00f5es"},"content":{"rendered":"<div data-elementor-type=\"wp-page\" data-elementor-id=\"1144\" class=\"elementor elementor-1144\" data-elementor-post-type=\"page\">\n\t\t\t\t<div class=\"elementor-element elementor-element-08af0a1 e-flex e-con-boxed e-con e-parent\" data-id=\"08af0a1\" data-element_type=\"container\" data-e-type=\"container\">\n\t\t\t\t\t<div class=\"e-con-inner\">\n\t\t\t\t<div class=\"elementor-element elementor-element-115cd53 elementor-widget elementor-widget-heading\" data-id=\"115cd53\" data-element_type=\"widget\" data-e-type=\"widget\" data-widget_type=\"heading.default\">\n\t\t\t\t<div class=\"elementor-widget-container\">\n\t\t\t\t\t<h2 class=\"elementor-heading-title elementor-size-default\">Termos e Condi\u00e7\u00f5es<\/h2>\t\t\t\t<\/div>\n\t\t\t\t<\/div>\n\t\t\t\t<div class=\"elementor-element elementor-element-c3af31d elementor-view-default elementor-widget elementor-widget-icon\" data-id=\"c3af31d\" data-element_type=\"widget\" data-e-type=\"widget\" data-no-translation=\"\" data-widget_type=\"icon.default\">\n\t\t\t\t<div class=\"elementor-widget-container\">\n\t\t\t\t\t<style>.elementor-element-c3af31d{display:none !important}<\/style>\t\t\t\t<\/div>\n\t\t\t\t<\/div>\n\t\t\t\t<div class=\"elementor-element elementor-element-dd36474 elementor-view-default elementor-widget elementor-widget-icon\" data-id=\"dd36474\" data-element_type=\"widget\" data-e-type=\"widget\" data-no-translation=\"\" data-widget_type=\"icon.default\">\n\t\t\t\t<div class=\"elementor-widget-container\">\n\t\t\t\t\t<style>.elementor-element-dd36474{display:none !important}<\/style>\t\t\t\t<\/div>\n\t\t\t\t<\/div>\n\t\t\t\t<div class=\"elementor-element elementor-element-70387d9 elementor-view-default elementor-widget elementor-widget-icon\" data-id=\"70387d9\" data-element_type=\"widget\" data-e-type=\"widget\" data-no-translation=\"\" data-widget_type=\"icon.default\">\n\t\t\t\t<div class=\"elementor-widget-container\">\n\t\t\t\t\t\t\t<div class=\"elementor-icon-wrapper\">\n\t\t\t<a class=\"elementor-icon\" href=\"http:\/\/bluewaymza.com.ar\/wp-content\/uploads\/Termos-e-Condicoes-PORTUGUES.pdf\" target=\"_blank\">\n\t\t\t<svg aria-hidden=\"true\" class=\"e-font-icon-svg e-far-file-pdf\" viewbox=\"0 0 384 512\" xmlns=\"http:\/\/www.w3.org\/2000\/svg\"><path d=\"M369.9 97.9L286 14C277 5 264.8-.1 252.1-.1H48C21.5 0 0 21.5 0 48v416c0 26.5 21.5 48 48 48h288c26.5 0 48-21.5 48-48V131.9c0-12.7-5.1-25-14.1-34zM332.1 128H256V51.9l76.1 76.1zM48 464V48h160v104c0 13.3 10.7 24 24 24h104v288H48zm250.2-143.7c-12.2-12-47-8.7-64.4-6.5-17.2-10.5-28.7-25-36.8-46.3 3.9-16.1 10.1-40.6 5.4-56-4.2-26.2-37.8-23.6-42.6-5.9-4.4 16.1-.4 38.5 7 67.1-10 23.9-24.9 56-35.4 74.4-20 10.3-47 26.2-51 46.2-3.3 15.8 26 55.2 76.1-31.2 22.4-7.4 46.8-16.5 68.4-20.1 18.9 10.2 41 17 55.8 17 25.5 0 28-28.2 17.5-38.7zm-198.1 77.8c5.1-13.7 24.5-29.5 30.4-35-19 30.3-30.4 35.7-30.4 35zm81.6-190.6c7.4 0 6.7 32.1 1.8 40.8-4.4-13.9-4.3-40.8-1.8-40.8zm-24.4 136.6c9.7-16.9 18-37 24.7-54.7 8.3 15.1 18.9 27.2 30.1 35.5-20.8 4.3-38.9 13.1-54.8 19.2zm131.6-5s-5 6-37.3-7.8c35.1-2.6 40.9 5.4 37.3 7.8z\"><\/path><\/svg>\t\t\t<\/a>\n\t\t<\/div>\n\t\t\t\t\t\t<\/div>\n\t\t\t\t<\/div>\n\t\t\t\t\t<\/div>\n\t\t\t\t<\/div>\n\t\t<div class=\"elementor-element elementor-element-e49753f e-flex e-con-boxed e-con e-parent\" data-id=\"e49753f\" data-element_type=\"container\" data-e-type=\"container\">\n\t\t\t\t\t<div class=\"e-con-inner\">\n\t\t\t\t<div class=\"elementor-element elementor-element-1e760d0 elementor-widget elementor-widget-text-editor\" data-id=\"1e760d0\" data-element_type=\"widget\" data-e-type=\"widget\" data-widget_type=\"text-editor.default\">\n\t\t\t\t<div class=\"elementor-widget-container\">\n\t\t\t\t\t\t\t\t\t<p><strong>ENTREGA E DEVOLU\u00c7\u00c3O DO VE\u00cdCULO.<\/strong><br \/>Em ambas as ocasi\u00f5es as partes verificar\u00e3o: quilometragem e carga de combust\u00edvel, conforme indicadores de f\u00e1brica, para fins de cobran\u00e7a de encargos adicionais, se for o caso. Caso o Departamento T\u00e9cnico e Mec\u00e2nico da \u201cempresa locadora\u201d confirme danos, faltas e\/ou defeitos que n\u00e3o possam ser vistos a olho nu no momento da entrega, o \u201ccliente\u201d poder\u00e1 ser obrigado a efetuar o pagamento correspondente. O mesmo procedimento, mesmo com danos vis\u00edveis a olho nu, ser\u00e1 aplicado no caso de devolu\u00e7\u00e3o do ve\u00edculo fora do hor\u00e1rio de atendimento ao p\u00fablico.<\/p><p><strong>O ''CLIENTE\" SER\u00c1 CONSIDERADO RESPONS\u00c1VEL POR:<\/strong><br \/>\u2022 Qualquer multa e\/ou san\u00e7\u00e3o - seja qual for a sua origem - que seja reclamada ao locador por viola\u00e7\u00e3o da legisla\u00e7\u00e3o argentina ou estrangeira. Quaisquer danos causados \u200b\u200b\u00e0 propriedade e\/ou les\u00f5es causadas a terceiros.<br \/>\u2022 Os acompanhantes n\u00e3o ser\u00e3o considerados terceiros para o \u201clocalizador\u201d e, caso este receba um sinistro deles e\/ou de suas seguradoras e\/ou prestadores de servi\u00e7os m\u00e9dicos, poder\u00e3o convocar o \u201ccliente\u201d para responder pelo sinistro .<br \/>\u2022 Qualquer dano, perda, furto, furto, furto, falta, quebra, etc., sofrido pelo ve\u00edculo, independentemente da causa.<br \/>\u2022 Qualquer perda ou roubo de objetos encontrados no interior do ve\u00edculo.<br \/>\u2022 Todos os custos decorrentes da inutiliza\u00e7\u00e3o do ve\u00edculo, reboque, transfer\u00eancia e assist\u00eancia mec\u00e2nica.<br \/>\u2022 Qualquer perda por lucros cessantes causados \u200b\u200bpelo n\u00e3o cumprimento de suas obriga\u00e7\u00f5es.<\/p><p class=\" translation-block\"><br><strong>D\u00c9BITOS GERADOS AP\u00d3S A DEVOLU\u00c7\u00c3O DA VARA<\/strong><br>\nO \u201ccliente\u201d autoriza expressamente a \u201cempresa de loca\u00e7\u00e3o\u201d a debitar em seu cart\u00e3o de cr\u00e9dito e\/ou faturar em sua conta corrente: (I) O valor reclamado de multas e\/ou san\u00e7\u00f5es emitidas pela autoridade competente. (II) Os danos e itens faltantes (seja qual for a sua origem, oculta ou n\u00e3o) que tenham sido verificadas ap\u00f3s a devolu\u00e7\u00e3o do ve\u00edculo ou se este foi entregue fora do hor\u00e1rio de servi\u00e7o p\u00fablico (por caixa de correio), (111) Encargos gerados pela entrega fora do hor\u00e1rio (IV) Todos os custos derivados de a inutiliza\u00e7\u00e3o do ve\u00edculo, reboque, transfer\u00eancia, assist\u00eancia mec\u00e2nica, etc.\nO \u201ccliente\u201d compromete-se ainda a debitar \u00e0 \u201cempresa de loca\u00e7\u00e3o\u201d os custos administrativos e\/ou profissionais que tal incumprimento acarrete. OBRIGA\u00c7\u00d5ES DO \u201cCLIENTE\u201d<\/p><p><strong>VOC\u00ca N\u00c3O PODER\u00c1 UTILIZAR O VE\u00cdCULO NAS SEGUINTES SITUA\u00c7\u00d5ES:<\/strong><br \/>\u2022 Como transporte - a t\u00edtulo oneroso ou gratuito - de pessoas e\/ou coisas, nem para transporte de coisas proibidas pela regulamenta\u00e7\u00e3o em vigor, nem de equipamentos inflam\u00e1veis \u200b\u200bou perigosos, etc.<br \/>\u2022 Rebocar ou empurrar ve\u00edculos ou equipamentos pr\u00f3prios ou de terceiros. Participar em eventos de qualquer tipo e natureza, tais como corridas, provas, competi\u00e7\u00f5es desportivas, aprendizagem de condu\u00e7\u00e3o, roteiros de rally, etc.<br \/>\u2022 Abster-se-\u00e1:<br \/>\u2022 Dirigir sob efeito de qualquer tipo de medicamento - prescrito ou n\u00e3o - \u00e1lcool ou subst\u00e2ncia que possa afetar sua capacidade de dirigir ou com mais passageiros do que o estabelecido pelo fabricante; deslocar o ve\u00edculo para fora da Rep\u00fablica Argentina sem autoriza\u00e7\u00e3o pr\u00e9via e expressa do \"Localizador\"<br \/>\u2022 Dever\u00e3o devolver o ve\u00edculo \u2013 e toda a documenta\u00e7\u00e3o entregue neste ato no local e hora acordados, salvo autoriza\u00e7\u00e3o escrita em contr\u00e1rio da \u201cempresa de loca\u00e7\u00e3o\u201d, respeitar os limites de velocidade e regras de condu\u00e7\u00e3o de acordo com a regulamenta\u00e7\u00e3o nacional. leis e\/ou a(s) jurisdi\u00e7\u00e3o(\u00f5es) por onde transita. comunicar, imediatamente, qualquer acidente e\/ou medida cautelar (sequestro, reten\u00e7\u00e3o, etc.) que afete o ve\u00edculo, devendo cumprir as instru\u00e7\u00f5es que, de tempos em tempos, o pessoal do \u201clocalizador\u201d indicar, em caso de acidente, dever\u00e1 registrar o boletim de ocorr\u00eancia e\/ou exposi\u00e7\u00e3o civil se for o caso, preencher e assinar o formul\u00e1rio de reclama\u00e7\u00e3o a ser apresentado \u00e0 seguradora - fornecendo todas as informa\u00e7\u00f5es exigidas - e prestar a colabora\u00e7\u00e3o necess\u00e1ria para a melhor defesa dos direitos do \u201clocalizador\u201d . \".<br \/>\u2022 Comunicar no momento da assinatura deste documento a exist\u00eancia de driver adicional. Caso pretenda incorpor\u00e1-lo posteriormente, dever\u00e1 requerer autoriza\u00e7\u00e3o pr\u00e9via da \u201cempresa de loca\u00e7\u00e3o\u201d.<br \/>\u2022 Dever\u00e1 informar o referido condutor sobre todos e cada um dos compromissos assumidos com o \u201clocalizador\u201d e inform\u00e1-lo que ambos ser\u00e3o solidariamente respons\u00e1veis \u200b\u200bpor todas as obriga\u00e7\u00f5es e encargos acordados.<br \/>\u2022 Caso o \u201ccliente\u201d seja pessoa jur\u00eddica e\/ou associa\u00e7\u00e3o civil, dever\u00e1 indicar a(s) pessoa(s) autorizada(s) e habilitada(s) para conduzir o ve\u00edculo localizado.<br \/>\u2022 Apresente um cart\u00e3o de cr\u00e9dito com fundos suficientes dispon\u00edveis para cobrir o valor dos danos \u00e0s suas custas.<\/p><p><strong>PAGAMENTO FORA DE PRAZO E\/0 IGN\u00c2NCIA DE ENCARGOS<\/strong> <br \/>A falta de pagamento das suas obriga\u00e7\u00f5es por parte do \u201ccliente\u201d e\/ou o desconhecimento dos encargos efetuados no seu cart\u00e3o de cr\u00e9dito ou das faturas que lhe foram enviadas e que tiveram origem nas obriga\u00e7\u00f5es assumidas neste documento, dar\u00e1 \u00e0 \u201cempresa de leasing\u201d o direito de reclamar o valor devido acrescido de juros punitivos mensais adicionais por mora, equivalentes a duas vezes a taxa ativa do Banco de la Naci\u00f3n Argentina para opera\u00e7\u00f5es de desconto, bem como todas as despesas e processos judiciais ou extrajudiciais custos que possam ter sido acumulados como resultado do n\u00e3o cumprimento.<\/p><p><strong>OBRIGA\u00c7\u00d5ES E RESPONSABILIDADES DO \u201cLOCADOR\u201d<\/strong><br \/>Voc\u00ea deve:<br \/>\u2022 Efectuar as manuten\u00e7\u00f5es e repara\u00e7\u00f5es mec\u00e2nicas exigidas pelo ve\u00edculo por conta pr\u00f3pria ou por pessoa designada, entregar a documenta\u00e7\u00e3o necess\u00e1ria \u00e0 circula\u00e7\u00e3o, contratar um seguro que cubra a responsabilidade civil e de acordo com a regulamenta\u00e7\u00e3o em vigor na mat\u00e9ria.<\/p><p><strong>RESCIS\u00c3O SEM CAUSA<\/strong><br \/>\u2022 Se o \u201ccliente\u201d rescindir o aluguer antecipadamente, dever\u00e1 pagar ao \u201csenhorio\u201d a totalidade da renda inicialmente acordada.<\/p><p><br \/><strong>PERDA DA LIMITA\u00c7\u00c3O ACORDADA DE DANOS<\/strong><br \/>\u2022 A limita\u00e7\u00e3o de danos acordada no documento de aluguer e neste instrumento ser\u00e1 nula quando o dano causado ao ve\u00edculo tiver origem em incompet\u00eancia, culpa, neglig\u00eancia, fraude, viola\u00e7\u00e3o grave das obriga\u00e7\u00f5es assumidas contratualmente, etc. do \u201ccliente\u201d e\/ou do condutor autorizado.<br \/>\u2022 Ocorrem quando conduzidos por condutores n\u00e3o previamente autorizados e mesmo que possuam matr\u00edcula habilitada.<br \/>\u2022 Ser\u00e3o acidentes ocorridos durante o deslocamento em estradas de cascalho, n\u00e3o pavimentadas, n\u00e3o pavimentadas ou fechadas ao tr\u00e2nsito pela autoridade competente.<br \/>\u2022 O \u201ccliente\u201d e\/ou motorista autorizado se recusa a assinar o boletim de ocorr\u00eancia com a seguradora ou pratica conduta que dispensa a seguradora de fornecer cobertura nos termos da legisla\u00e7\u00e3o seguradora.<br \/>\u2022 Recusar\u00e1 subscrever o estado do ve\u00edculo no momento da devolu\u00e7\u00e3o.<br \/>\u2022 O dano teria ocorrido quando o ve\u00edculo foi retido pela autoridade competente devido a conduta il\u00edcita do \u201cCliente\u201d e\/ou do condutor autorizado.<br \/>\u2022 Em todos os casos em que a limita\u00e7\u00e3o dos danos seja nula, o \u201ccliente\u201d dever\u00e1 tamb\u00e9m pagar os lucros cessantes.<\/p><p><br \/><strong>RESCIS\u00c3O COM CAUSA<\/strong><br \/>\u2022 A locadora poder\u00e1 rescindir o aluguel com justa causa quando constatar grave descumprimento por parte do \u201ccliente\u201d e\/ou motorista autorizado. Neste caso, dever\u00e1 enviar uma notifica\u00e7\u00e3o confi\u00e1vel para o endere\u00e7o informado pelo \u201ccliente\u201d, a qual ser\u00e1 v\u00e1lida ap\u00f3s 24 horas de sua emiss\u00e3o e independentemente de ser recebida ou n\u00e3o. A n\u00e3o devolu\u00e7\u00e3o do ve\u00edculo ser\u00e1 considerada apropria\u00e7\u00e3o ind\u00e9bita.<\/p><p><br \/><strong>RETEN\u00c7\u00c3O INDEVIDA<\/strong><br \/>\u2022 A n\u00e3o devolu\u00e7\u00e3o do ve\u00edculo pelo \u201ccliente\u201d fora do prazo acordado ser\u00e1 considerada, sem necessidade de qualquer exig\u00eancia pr\u00e9via, reten\u00e7\u00e3o indevida nos termos da legisla\u00e7\u00e3o penal, podendo a \u201cempresa de loca\u00e7\u00e3o\u201d iniciar a a\u00e7\u00e3o penal e\/ou correspondente a\u00e7\u00f5es c\u00edveis e reclamar danos e\/ou lucros, etc., at\u00e9 a efetiva restitui\u00e7\u00e3o do ve\u00edculo.<br \/>\u2022 A locadora n\u00e3o ser\u00e1 respons\u00e1vel por quaisquer danos que a referida reclama\u00e7\u00e3o possa causar ao \u201ccliente\u201d e\/ou motorista autorizado.<br \/>\u2022 Decorrido o prazo do aluguer e\/ou cessa\u00e7\u00e3o do mesmo por justa causa, a \u201cempresa locadora\u201d poder\u00e1 tomar posse do ve\u00edculo no local onde este se encontra, circunst\u00e2ncia que \u00e9 expressamente aceite pelo \u201ccliente\u201d.<\/p><p><br \/><strong>LEGISLA\u00c7\u00c3O \u2013 JURISDI\u00c7\u00c3O<\/strong><br \/>As partes constituem um domic\u00edlio especial naqueles mencionados neste contrato, onde todas as notifica\u00e7\u00f5es derivadas da execu\u00e7\u00e3o do mesmo ser\u00e3o consideradas v\u00e1lidas e se submetem para todos os efeitos jur\u00eddicos que possam surgir da localiza\u00e7\u00e3o realizada \u00e0 jurisdi\u00e7\u00e3o dos tribunais do Primeiro Distrito Judicial da Prov\u00edncia de Mendoza, com ren\u00fancia expressa ao Foro Federal e\/ou qualquer outro foro ou foro que lhes possa corresponder, sendo aplic\u00e1vel em todos os casos a legisla\u00e7\u00e3o vigente na Rep\u00fablica Argentina.<\/p><p><strong>ASSINATURA\/ESCLARECIMENTO<\/strong>\u2026\u2026\u2026\u2026\u2026\u2026\u2026\u2026\u2026\u2026\u2026\u2026\u2026\u2026\u2026\u2026\u2026\u2026\u2026\u2026..<\/p>\t\t\t\t\t\t\t\t<\/div>\n\t\t\t\t<\/div>\n\t\t\t\t\t<\/div>\n\t\t\t\t<\/div>\n\t\t\t\t<\/div>","protected":false},"excerpt":{"rendered":"<p>T\u00e9rminos y Condiciones ENTREGA Y DEVOLUCION DEL VEHICULO.En ambas oportunidades las partes constatar\u00e1n: kilometraje y carga de combustible, seg\u00fan los indicadores de f\u00e1brica, a los efectos del cobro de cargos adiciona\u00adles, si correspondiere. Si el Departamento T\u00e9cnico y Mec\u00e1nico de la &#8220;locadora&#8221; constatare da\u00f1os, faltantes y\/o desperfectos que no se pudieren visualizar a simple vista [&hellip;]<\/p>\n","protected":false},"author":1,"featured_media":0,"parent":0,"menu_order":0,"comment_status":"closed","ping_status":"closed","template":"","meta":{"_joinchat":[],"footnotes":""},"class_list":["post-1144","page","type-page","status-publish","hentry"],"yoast_head":"<!-- This site is optimized with the Yoast SEO plugin v27.5 - https:\/\/yoast.com\/product\/yoast-seo-wordpress\/ -->\n<title>T\u00e9rminos y Condiciones - BlueWay Rent a Car<\/title>\n<meta name=\"robots\" content=\"index, follow, max-snippet:-1, max-image-preview:large, max-video-preview:-1\" \/>\n<link rel=\"canonical\" href=\"https:\/\/bluewaymza.com.ar\/pt\/terminos-y-condiciones\/\" \/>\n<meta property=\"og:locale\" content=\"pt_BR\" \/>\n<meta property=\"og:type\" content=\"article\" \/>\n<meta property=\"og:title\" content=\"T\u00e9rminos y Condiciones - BlueWay Rent a Car\" \/>\n<meta property=\"og:description\" content=\"T\u00e9rminos y Condiciones ENTREGA Y DEVOLUCION DEL VEHICULO.En ambas oportunidades las partes constatar\u00e1n: kilometraje y carga de combustible, seg\u00fan los indicadores de f\u00e1brica, a los efectos del cobro de cargos adiciona\u00adles, si correspondiere. Si el Departamento T\u00e9cnico y Mec\u00e1nico de la &#8220;locadora&#8221; constatare da\u00f1os, faltantes y\/o desperfectos que no se pudieren visualizar a simple vista [&hellip;]\" \/>\n<meta property=\"og:url\" content=\"https:\/\/bluewaymza.com.ar\/pt\/terminos-y-condiciones\/\" \/>\n<meta property=\"og:site_name\" content=\"BlueWay Rent a Car\" \/>\n<meta property=\"article:modified_time\" content=\"2024-04-04T14:51:04+00:00\" \/>\n<meta name=\"twitter:card\" content=\"summary_large_image\" \/>\n<meta name=\"twitter:label1\" content=\"Est. tempo de leitura\" \/>\n\t<meta name=\"twitter:data1\" content=\"8 minutos\" \/>\n<script type=\"application\/ld+json\" class=\"yoast-schema-graph\">{\"@context\":\"https:\\\/\\\/schema.org\",\"@graph\":[{\"@type\":\"WebPage\",\"@id\":\"https:\\\/\\\/bluewaymza.com.ar\\\/en\\\/terminos-y-condiciones\\\/\",\"url\":\"https:\\\/\\\/bluewaymza.com.ar\\\/en\\\/terminos-y-condiciones\\\/\",\"name\":\"T\u00e9rminos y Condiciones - BlueWay Rent a Car\",\"isPartOf\":{\"@id\":\"https:\\\/\\\/www.bluewaymza.com.ar\\\/#website\"},\"datePublished\":\"2024-04-04T14:00:24+00:00\",\"dateModified\":\"2024-04-04T14:51:04+00:00\",\"breadcrumb\":{\"@id\":\"https:\\\/\\\/bluewaymza.com.ar\\\/en\\\/terminos-y-condiciones\\\/#breadcrumb\"},\"inLanguage\":\"pt-BR\",\"potentialAction\":[{\"@type\":\"ReadAction\",\"target\":[\"https:\\\/\\\/bluewaymza.com.ar\\\/en\\\/terminos-y-condiciones\\\/\"]}]},{\"@type\":\"BreadcrumbList\",\"@id\":\"https:\\\/\\\/bluewaymza.com.ar\\\/en\\\/terminos-y-condiciones\\\/#breadcrumb\",\"itemListElement\":[{\"@type\":\"ListItem\",\"position\":1,\"name\":\"Portada\",\"item\":\"https:\\\/\\\/www.bluewaymza.com.ar\\\/\"},{\"@type\":\"ListItem\",\"position\":2,\"name\":\"T\u00e9rminos y Condiciones\"}]},{\"@type\":\"WebSite\",\"@id\":\"https:\\\/\\\/www.bluewaymza.com.ar\\\/#website\",\"url\":\"https:\\\/\\\/www.bluewaymza.com.ar\\\/\",\"name\":\"BlueWay Rent a Car\",\"description\":\"Alquiler de autos en Mendoza\",\"publisher\":{\"@id\":\"https:\\\/\\\/www.bluewaymza.com.ar\\\/#organization\"},\"alternateName\":\"BlueWay - Alquiler de autos en Mendoza\",\"potentialAction\":[{\"@type\":\"SearchAction\",\"target\":{\"@type\":\"EntryPoint\",\"urlTemplate\":\"https:\\\/\\\/www.bluewaymza.com.ar\\\/?s={search_term_string}\"},\"query-input\":{\"@type\":\"PropertyValueSpecification\",\"valueRequired\":true,\"valueName\":\"search_term_string\"}}],\"inLanguage\":\"pt-BR\"},{\"@type\":\"Organization\",\"@id\":\"https:\\\/\\\/www.bluewaymza.com.ar\\\/#organization\",\"name\":\"BlueWay Rent a Car\",\"alternateName\":\"BlueWay alquiler de autos en Mendoza\",\"url\":\"https:\\\/\\\/www.bluewaymza.com.ar\\\/\",\"logo\":{\"@type\":\"ImageObject\",\"inLanguage\":\"pt-BR\",\"@id\":\"https:\\\/\\\/www.bluewaymza.com.ar\\\/#\\\/schema\\\/logo\\\/image\\\/\",\"url\":\"http:\\\/\\\/bluewaymza.com.ar\\\/wp-content\\\/uploads\\\/blueway-favicon.svg\",\"contentUrl\":\"http:\\\/\\\/bluewaymza.com.ar\\\/wp-content\\\/uploads\\\/blueway-favicon.svg\",\"width\":384,\"height\":384,\"caption\":\"BlueWay Rent a Car\"},\"image\":{\"@id\":\"https:\\\/\\\/www.bluewaymza.com.ar\\\/#\\\/schema\\\/logo\\\/image\\\/\"}}]}<\/script>\n<!-- \/ Yoast SEO plugin. -->","yoast_head_json":{"title":"T\u00e9rminos y Condiciones - BlueWay Rent a Car","robots":{"index":"index","follow":"follow","max-snippet":"max-snippet:-1","max-image-preview":"max-image-preview:large","max-video-preview":"max-video-preview:-1"},"canonical":"https:\/\/bluewaymza.com.ar\/pt\/terminos-y-condiciones\/","og_locale":"pt_BR","og_type":"article","og_title":"T\u00e9rminos y Condiciones - BlueWay Rent a Car","og_description":"T\u00e9rminos y Condiciones ENTREGA Y DEVOLUCION DEL VEHICULO.En ambas oportunidades las partes constatar\u00e1n: kilometraje y carga de combustible, seg\u00fan los indicadores de f\u00e1brica, a los efectos del cobro de cargos adiciona\u00adles, si correspondiere. Si el Departamento T\u00e9cnico y Mec\u00e1nico de la &#8220;locadora&#8221; constatare da\u00f1os, faltantes y\/o desperfectos que no se pudieren visualizar a simple vista [&hellip;]","og_url":"https:\/\/bluewaymza.com.ar\/pt\/terminos-y-condiciones\/","og_site_name":"BlueWay Rent a Car","article_modified_time":"2024-04-04T14:51:04+00:00","twitter_card":"summary_large_image","twitter_misc":{"Est. tempo de leitura":"8 minutos"},"schema":{"@context":"https:\/\/schema.org","@graph":[{"@type":"WebPage","@id":"https:\/\/bluewaymza.com.ar\/en\/terminos-y-condiciones\/","url":"https:\/\/bluewaymza.com.ar\/en\/terminos-y-condiciones\/","name":"T\u00e9rminos y Condiciones - BlueWay Rent a Car","isPartOf":{"@id":"https:\/\/www.bluewaymza.com.ar\/#website"},"datePublished":"2024-04-04T14:00:24+00:00","dateModified":"2024-04-04T14:51:04+00:00","breadcrumb":{"@id":"https:\/\/bluewaymza.com.ar\/en\/terminos-y-condiciones\/#breadcrumb"},"inLanguage":"pt-BR","potentialAction":[{"@type":"ReadAction","target":["https:\/\/bluewaymza.com.ar\/en\/terminos-y-condiciones\/"]}]},{"@type":"BreadcrumbList","@id":"https:\/\/bluewaymza.com.ar\/en\/terminos-y-condiciones\/#breadcrumb","itemListElement":[{"@type":"ListItem","position":1,"name":"Portada","item":"https:\/\/www.bluewaymza.com.ar\/"},{"@type":"ListItem","position":2,"name":"T\u00e9rminos y Condiciones"}]},{"@type":"WebSite","@id":"https:\/\/www.bluewaymza.com.ar\/#website","url":"https:\/\/www.bluewaymza.com.ar\/","name":"BlueWay Rent a Car","description":"Alquiler de autos en Mendoza","publisher":{"@id":"https:\/\/www.bluewaymza.com.ar\/#organization"},"alternateName":"BlueWay - Alquiler de autos en Mendoza","potentialAction":[{"@type":"SearchAction","target":{"@type":"EntryPoint","urlTemplate":"https:\/\/www.bluewaymza.com.ar\/?s={search_term_string}"},"query-input":{"@type":"PropertyValueSpecification","valueRequired":true,"valueName":"search_term_string"}}],"inLanguage":"pt-BR"},{"@type":"Organization","@id":"https:\/\/www.bluewaymza.com.ar\/#organization","name":"BlueWay Rent a Car","alternateName":"BlueWay alquiler de autos en Mendoza","url":"https:\/\/www.bluewaymza.com.ar\/","logo":{"@type":"ImageObject","inLanguage":"pt-BR","@id":"https:\/\/www.bluewaymza.com.ar\/#\/schema\/logo\/image\/","url":"http:\/\/bluewaymza.com.ar\/wp-content\/uploads\/blueway-favicon.svg","contentUrl":"http:\/\/bluewaymza.com.ar\/wp-content\/uploads\/blueway-favicon.svg","width":384,"height":384,"caption":"BlueWay Rent a Car"},"image":{"@id":"https:\/\/www.bluewaymza.com.ar\/#\/schema\/logo\/image\/"}}]}},"_links":{"self":[{"href":"https:\/\/bluewaymza.com.ar\/pt\/wp-json\/wp\/v2\/pages\/1144","targetHints":{"allow":["GET"]}}],"collection":[{"href":"https:\/\/bluewaymza.com.ar\/pt\/wp-json\/wp\/v2\/pages"}],"about":[{"href":"https:\/\/bluewaymza.com.ar\/pt\/wp-json\/wp\/v2\/types\/page"}],"author":[{"embeddable":true,"href":"https:\/\/bluewaymza.com.ar\/pt\/wp-json\/wp\/v2\/users\/1"}],"replies":[{"embeddable":true,"href":"https:\/\/bluewaymza.com.ar\/pt\/wp-json\/wp\/v2\/comments?post=1144"}],"version-history":[{"count":31,"href":"https:\/\/bluewaymza.com.ar\/pt\/wp-json\/wp\/v2\/pages\/1144\/revisions"}],"predecessor-version":[{"id":1179,"href":"https:\/\/bluewaymza.com.ar\/pt\/wp-json\/wp\/v2\/pages\/1144\/revisions\/1179"}],"wp:attachment":[{"href":"https:\/\/bluewaymza.com.ar\/pt\/wp-json\/wp\/v2\/media?parent=1144"}],"curies":[{"name":"wp","href":"https:\/\/api.w.org\/{rel}","templated":true}]}}